{"id":249,"date":"2025-08-11T19:33:58","date_gmt":"2025-08-11T19:33:58","guid":{"rendered":"https:\/\/boldassigorta.com.tr\/wp\/?page_id=249"},"modified":"2025-08-14T16:03:53","modified_gmt":"2025-08-14T16:03:53","slug":"kasko-sigortasi","status":"publish","type":"page","link":"https:\/\/boldassigorta.com.tr\/?page_id=249","title":{"rendered":"Kasko Sigortas\u0131"},"content":{"rendered":"\t\t<div data-elementor-type=\"wp-page\" data-elementor-id=\"249\" class=\"elementor elementor-249\" data-elementor-post-type=\"page\">\n\t\t\t\t<div class=\"elementor-element elementor-element-e974a11 e-con-full e-flex e-con e-parent\" data-id=\"e974a11\" data-element_type=\"container\" data-settings=\"{&quot;background_background&quot;:&quot;classic&quot;}\">\n\t\t<div class=\"elementor-element elementor-element-5187784 e-con-full e-flex e-con e-child\" data-id=\"5187784\" data-element_type=\"container\">\n\t\t\t\t<div class=\"elementor-element elementor-element-30527d1 elementor-widget elementor-widget-heading\" data-id=\"30527d1\" data-element_type=\"widget\" data-widget_type=\"heading.default\">\n\t\t\t\t\t<h2 class=\"elementor-heading-title elementor-size-default\">Kasko Sigortas\u0131<\/h2>\t\t\t\t<\/div>\n\t\t\t\t<\/div>\n\t\t\t\t<\/div>\n\t\t<div class=\"elementor-element elementor-element-af4a69d e-flex e-con-boxed e-con e-parent\" data-id=\"af4a69d\" data-element_type=\"container\" data-settings=\"{&quot;background_background&quot;:&quot;classic&quot;}\">\n\t\t\t\t\t<div class=\"e-con-inner\">\n\t\t<div class=\"elementor-element elementor-element-b3250db e-con-full e-flex e-con e-child\" data-id=\"b3250db\" data-element_type=\"container\" data-settings=\"{&quot;background_background&quot;:&quot;classic&quot;}\">\n\t\t\t\t<div class=\"elementor-element elementor-element-fd0047c elementor-widget elementor-widget-sidebar\" data-id=\"fd0047c\" data-element_type=\"widget\" data-widget_type=\"sidebar.default\">\n\t\t\t\t\t<section id=\"block-15\" class=\"widget widget_block widget_text\">\n<p class=\"has-theme-palette-9-color has-text-color has-background has-link-color wp-elements-f85a85ea52f8141f39c63fd8d5b385dc\" style=\"background-color:#0062ac\"><strong>H\u0130ZMETLER\u0130M\u0130Z<br>B\u0130REYSEL \u00dcR\u00dcNLER<\/strong><br><a href=\"https:\/\/boldassigorta.com.tr\/?page_id=243\">TRAF\u0130K S\u0130GORTASI<\/a><br><a href=\"https:\/\/boldassigorta.com.tr\/?page_id=249\">KASKO S\u0130GORTASI<\/a><br><a href=\"https:\/\/boldassigorta.com.tr\/?page_id=254\">DASK (DEPREM) S\u0130GORTASI<\/a><br><a href=\"https:\/\/boldassigorta.com.tr\/?page_id=259\">KONUT S\u0130GORTASI<\/a><br><a href=\"https:\/\/boldassigorta.com.tr\/?page_id=264\">FERD\u0130 KAZA S\u0130GORTASI<\/a><br><strong>SA\u011eLIK S\u0130GORTASI<\/strong><br><a href=\"https:\/\/boldassigorta.com.tr\/?page_id=269\">TAMAMLAYICI SA\u011eLIK S\u0130GORTASI<\/a><br><a href=\"https:\/\/boldassigorta.com.tr\/?page_id=302\">\u00d6ZEL SA\u011eLIK S\u0130GORTASI<\/a><br><a href=\"https:\/\/boldassigorta.com.tr\/?page_id=307\">YURTDI\u015eI SA\u011eLIK S\u0130GORTASI<\/a><br><a href=\"https:\/\/boldassigorta.com.tr\/?page_id=312\">B\u0130REYSEL S\u0130BER G\u00dcVENL\u0130K S\u0130GORTASI<\/a><br><a href=\"https:\/\/boldassigorta.com.tr\/?page_id=317\">S\u0130TE \/ APARTMAN Y\u00d6NET\u0130M S\u0130GORTASI<\/a><br><strong>KURUMSAL \u00dcR\u00dcNLER<\/strong><br><a href=\"https:\/\/boldassigorta.com.tr\/?page_id=324\">M\u00dcHEND\u0130SL\u0130K S\u0130GORTALARI<\/a><br><a href=\"https:\/\/boldassigorta.com.tr\/?page_id=329\">\u0130N\u015eAAT S\u0130GORTALARI<\/a><br><strong>SORUMLULUK S\u0130GORTALARI<\/strong><br><a href=\"https:\/\/boldassigorta.com.tr\/?page_id=339\">NAKL\u0130YAT S\u0130GORTALARI<\/a><br><a href=\"https:\/\/boldassigorta.com.tr\/?page_id=344\">F\u0130LO S\u0130GORTALARI<\/a><br><a href=\"https:\/\/boldassigorta.com.tr\/?page_id=349\">LOJ\u0130ST\u0130K SEKT\u00d6R\u00dcNE \u00d6ZEL S\u0130GORTALAR<\/a><br><a href=\"https:\/\/boldassigorta.com.tr\/?page_id=357\">F\u0130NANSAL R\u0130SK S\u0130GORTALARI<\/a><br><a href=\"https:\/\/boldassigorta.com.tr\/?page_id=362\">GRUP FERD\u0130 KAZA S\u0130GORTALARI<\/a><\/p>\n<\/section>\t\t\t\t<\/div>\n\t\t\t\t<\/div>\n\t\t<div class=\"elementor-element elementor-element-967f45b e-con-full e-flex e-con e-child\" data-id=\"967f45b\" data-element_type=\"container\" data-settings=\"{&quot;background_background&quot;:&quot;classic&quot;}\">\n\t\t\t\t<div class=\"elementor-element elementor-element-66ae201 elementor-widget elementor-widget-text-editor\" data-id=\"66ae201\" data-element_type=\"widget\" data-widget_type=\"text-editor.default\">\n\t\t\t\t\t\t\t\t\t<p>Kasko ara\u00e7 sigortalar\u0131n\u0131n t\u00fcrlerinden biridir. Herhangi bir motorlu kara ta\u015f\u0131t\u0131n\u0131n sigortal\u0131n\u0131n iradesi d\u0131\u015f\u0131nda hasara u\u011framas\u0131, yanmas\u0131, \u00e7al\u0131nmas\u0131 ve benzeri durumlarda, sigortal\u0131ya tazminat \u00f6denmesini sa\u011flamak i\u00e7in yap\u0131l\u0131r. Kasko kar\u015f\u0131 ara\u00e7taki hasar\u0131 de\u011fil, sigortal\u0131ya ait ara\u00e7taki hasar\u0131 teminat alt\u0131na al\u0131r. Ara\u00e7 kasko sigortas\u0131n\u0131n amac\u0131, sigorta ettirene ait motorlu arac\u0131n u\u011frayaca\u011f\u0131 zararlar\u0131 tazmin etmektir. Kasko iste\u011fe ba\u011fl\u0131 bir sigorta t\u00fcr\u00fcd\u00fcr. Arac\u0131n yanmas\u0131, \u00e7al\u0131nmas\u0131 gibi standart teminatlar d\u0131\u015f\u0131nda sigortal\u0131n\u0131n talebi do\u011frultusunda ek teminatlar ile sigorta kapsam\u0131 geni\u015fletilebilir. Poli\u00e7ede aksi belirtilmedi\u011fi s\u00fcrece kasko sadece T\u00fcrkiye s\u0131n\u0131rlar\u0131 i\u00e7inde ge\u00e7erlidir.<\/p><p>Kasko Poli\u00e7esi T\u00fcrleri;<\/p><ul><li>Dar Kasko<\/li><li>Kasko<\/li><li>Geni\u015fletilmi\u015f Kasko<\/li><li>Tam Kasko<\/li><\/ul><p>KASKO hakk\u0131nda daha fazla bilgi sahibi olmak i\u00e7in bizimle ileti\u015fime ge\u00e7ebilirsiniz.<\/p>\t\t\t\t\t\t\t\t<\/div>\n\t\t<div class=\"elementor-element elementor-element-d72e104 e-con-full e-flex e-con e-child\" data-id=\"d72e104\" data-element_type=\"container\">\n\t\t\t\t<div class=\"elementor-element elementor-element-e2d2d8a elementor-widget elementor-widget-sina_dynamic_button\" data-id=\"e2d2d8a\" data-element_type=\"widget\" data-widget_type=\"sina_dynamic_button.default\">\n\t\t\t\t<div class=\"elementor-widget-container\">\n\t\t\t\t\t\t\t<div class=\"sina-dynamic-button\">\r\n\t\t\t<a  class=\"sina-dynamic-btn  sina-anim-zooming sina-hv-door-v\" href=\"https:\/\/boldassigorta.com.tr\/download\/kazatespit.pdf\"\r\n\t\t\t\t\t\t\t\t\t\t\t\t\ttarget=\"_blank\" \r\n\t\t\t\t\t\t\t\t>\r\n\t\t\t\t\t\t\tKaza Tespit Tutana\u011f\u0131\t\t\t\t\t<i class=\"fa fa-cloud-download sina-icon-right\"><\/i>\r\n\t\t\t\t\t\t<\/a>\r\n\t\t<\/div><!-- .sina-dynamic-button -->\r\n\t\t\t\t\t\t<\/div>\n\t\t\t\t<\/div>\n\t\t\t\t<\/div>\n\t\t\t\t<\/div>\n\t\t\t\t\t<\/div>\n\t\t\t\t<\/div>\n\t\t<div class=\"elementor-element elementor-element-e702012 e-flex e-con-boxed e-con e-parent\" data-id=\"e702012\" data-element_type=\"container\" data-settings=\"{&quot;background_background&quot;:&quot;classic&quot;}\">\n\t\t\t\t\t<div class=\"e-con-inner\">\n\t\t<div class=\"elementor-element elementor-element-6e8c3ff e-con-full e-flex e-con e-child\" data-id=\"6e8c3ff\" data-element_type=\"container\">\n\t\t\t\t<div class=\"elementor-element elementor-element-e16e2cd elementor-widget elementor-widget-heading\" data-id=\"e16e2cd\" data-element_type=\"widget\" data-widget_type=\"heading.default\">\n\t\t\t\t\t<h2 class=\"elementor-heading-title elementor-size-default\">Kasko Teklifi i\u00e7in l\u00fctfen formu doldurunuz...<\/h2>\t\t\t\t<\/div>\n\t\t\t\t<div class=\"elementor-element elementor-element-7b7013e elementor-widget elementor-widget-shortcode\" data-id=\"7b7013e\" data-element_type=\"widget\" data-widget_type=\"shortcode.default\">\n\t\t\t\t\t\t\t<div class=\"elementor-shortcode\">\n<div class=\"wpcf7 no-js\" id=\"wpcf7-f195-o1\" lang=\"tr-TR\" dir=\"ltr\" data-wpcf7-id=\"195\">\n<div class=\"screen-reader-response\"><p role=\"status\" aria-live=\"polite\" aria-atomic=\"true\"><\/p> <ul><\/ul><\/div>\n<form action=\"\/index.php?rest_route=%2Fwp%2Fv2%2Fpages%2F249#wpcf7-f195-o1\" method=\"post\" class=\"wpcf7-form init\" aria-label=\"\u0130leti\u015fim Formu\" novalidate=\"novalidate\" data-status=\"init\">\n<fieldset class=\"hidden-fields-container\"><input type=\"hidden\" name=\"_wpcf7\" value=\"195\" \/><input type=\"hidden\" name=\"_wpcf7_version\" value=\"6.1.4\" \/><input type=\"hidden\" name=\"_wpcf7_locale\" value=\"tr_TR\" \/><input type=\"hidden\" name=\"_wpcf7_unit_tag\" value=\"wpcf7-f195-o1\" \/><input type=\"hidden\" name=\"_wpcf7_container_post\" value=\"0\" \/><input type=\"hidden\" name=\"_wpcf7_posted_data_hash\" value=\"\" \/><input type=\"hidden\" name=\"_wpcf7_recaptcha_response\" value=\"\" \/>\n<\/fieldset>\n<div class=\"clearfix\">\n\t<div id=\"left\">\n\t\t<p><span class=\"wpcf7-form-control-wrap\" data-name=\"your-name\"><input size=\"40\" maxlength=\"400\" class=\"wpcf7-form-control wpcf7-text wpcf7-validates-as-required\" autocomplete=\"name\" aria-required=\"true\" aria-invalid=\"false\" placeholder=\"Ad\u0131n\u0131z Soyad\u0131n\u0131z *\" value=\"\" type=\"text\" name=\"your-name\" \/><\/span>\n\t\t<\/p>\n\t\t<p><span class=\"wpcf7-form-control-wrap\" data-name=\"your-email\"><input size=\"40\" maxlength=\"400\" class=\"wpcf7-form-control wpcf7-email wpcf7-validates-as-required wpcf7-text wpcf7-validates-as-email\" autocomplete=\"email\" aria-required=\"true\" aria-invalid=\"false\" placeholder=\"E-Posta Adresiniz *\" value=\"\" type=\"email\" name=\"your-email\" \/><\/span>\n\t\t<\/p>\n\t\t<p><span class=\"wpcf7-form-control-wrap\" data-name=\"your-plaka\"><input size=\"40\" maxlength=\"400\" class=\"wpcf7-form-control wpcf7-text wpcf7-validates-as-required\" autocomplete=\"name\" aria-required=\"true\" aria-invalid=\"false\" placeholder=\"Plaka *\" value=\"\" type=\"text\" name=\"your-plaka\" \/><\/span>\n\t\t<\/p>\n\t<\/div>\n\t<div id=\"right\">\n\t\t<p><span class=\"wpcf7-form-control-wrap\" data-name=\"tel-808\"><input size=\"40\" maxlength=\"400\" class=\"wpcf7-form-control wpcf7-tel wpcf7-validates-as-required wpcf7-text wpcf7-validates-as-tel\" aria-required=\"true\" aria-invalid=\"false\" placeholder=\"Telefon Numaras\u0131 *\" value=\"\" type=\"tel\" name=\"tel-808\" \/><\/span>\n\t\t<\/p>\n\t\t<p><span class=\"wpcf7-form-control-wrap\" data-name=\"your-tckimlik\"><input size=\"40\" maxlength=\"400\" class=\"wpcf7-form-control wpcf7-text wpcf7-validates-as-required\" autocomplete=\"name\" aria-required=\"true\" aria-invalid=\"false\" placeholder=\"T.C. Kimlik No *\" value=\"\" type=\"text\" name=\"your-tckimlik\" \/><\/span>\n\t\t<\/p>\n\t\t<p><span class=\"wpcf7-form-control-wrap\" data-name=\"your-belgeseri\"><input size=\"40\" maxlength=\"400\" class=\"wpcf7-form-control wpcf7-text wpcf7-validates-as-required\" autocomplete=\"name\" aria-required=\"true\" aria-invalid=\"false\" placeholder=\"Belge Seri No *\" value=\"\" type=\"text\" name=\"your-belgeseri\" \/><\/span>\n\t\t<\/p>\n\t<\/div>\n<\/div>\n<font face=\"Tahoma\">\n\t<p><span class=\"wpcf7-form-control-wrap\" data-name=\"acceptance-107\"><span class=\"wpcf7-form-control wpcf7-acceptance\"><span class=\"wpcf7-list-item\"><label><input type=\"checkbox\" name=\"acceptance-107\" value=\"1\" aria-invalid=\"false\" \/><span class=\"wpcf7-list-item-label\"><font color=\"White\">Bu formu doldururken<\/font> <a href=\"https:\/\/boldassigorta.com.tr\/?page_id=165\" target=\"_blank\" >KVKK<\/a><font color=\"White\"> okudu\u011fumu ve <\/font><a href=\"https:\/\/boldassigorta.com.tr\/?page_id=170\" target=\"_blank\" >\u00c7erez Politikas\u0131<\/a><font color=\"White\">' n\u0131 kabul etti\u011fimi onayl\u0131yorum.<\/font><\/span><\/label><\/span><\/span><\/span>\n\t<\/p>\n<\/font>\n<div class=\"recaptcha-spacing\">\n<\/div>\n<p>\n<span class=\"wpcf7-form-control-wrap recaptcha\" data-name=\"recaptcha\"><span data-sitekey=\"6LeUDKMrAAAAAEdbfu2MGzyYOIRzQU8G_YzFgGMT\" class=\"wpcf7-form-control wpcf7-recaptcha g-recaptcha\"><\/span>\r\n<noscript>\r\n\t<div class=\"grecaptcha-noscript\">\r\n\t\t<iframe src=\"https:\/\/www.google.com\/recaptcha\/api\/fallback?k=6LeUDKMrAAAAAEdbfu2MGzyYOIRzQU8G_YzFgGMT\" frameborder=\"0\" scrolling=\"no\" width=\"310\" height=\"430\">\r\n\t\t<\/iframe>\r\n\t\t<textarea name=\"g-recaptcha-response\" rows=\"3\" cols=\"40\" placeholder=\"reCaptcha Response Here\">\r\n\t\t<\/textarea>\r\n\t<\/div>\r\n<\/noscript>\r\n<\/span>\n<\/p>\n<p><input class=\"wpcf7-form-control wpcf7-submit has-spinner\" type=\"submit\" value=\"G\u00f6nder\" \/>\n<\/p><div class=\"wpcf7-response-output\" aria-hidden=\"true\"><\/div>\n<\/form>\n<\/div>\n<\/div>\n\t\t\t\t\t\t<\/div>\n\t\t\t\t<\/div>\n\t\t\t\t\t<\/div>\n\t\t\t\t<\/div>\n\t\t\t\t<\/div>\n\t\t","protected":false},"excerpt":{"rendered":"<p>Kasko Sigortas\u0131 Kasko ara\u00e7 sigortalar\u0131n\u0131n t\u00fcrlerinden biridir. Herhangi bir motorlu kara ta\u015f\u0131t\u0131n\u0131n sigortal\u0131n\u0131n iradesi d\u0131\u015f\u0131nda hasara u\u011framas\u0131, yanmas\u0131, \u00e7al\u0131nmas\u0131 ve benzeri durumlarda, sigortal\u0131ya tazminat \u00f6denmesini sa\u011flamak i\u00e7in yap\u0131l\u0131r. Kasko kar\u015f\u0131 ara\u00e7taki hasar\u0131 de\u011fil, sigortal\u0131ya ait ara\u00e7taki hasar\u0131 teminat alt\u0131na al\u0131r. Ara\u00e7 kasko sigortas\u0131n\u0131n amac\u0131, sigorta ettirene ait motorlu arac\u0131n u\u011frayaca\u011f\u0131 zararlar\u0131 tazmin etmektir. Kasko iste\u011fe&#8230;<\/p>\n","protected":false},"author":1,"featured_media":0,"parent":0,"menu_order":0,"comment_status":"closed","ping_status":"closed","template":"","meta":{"_kad_post_transparent":"","_kad_post_title":"hide","_kad_post_layout":"fullwidth","_kad_post_sidebar_id":"","_kad_post_content_style":"unboxed","_kad_post_vertical_padding":"hide","_kad_post_feature":"hide","_kad_post_feature_position":"","_kad_post_header":false,"_kad_post_footer":false,"_kad_post_classname":"","_joinchat":[],"footnotes":""},"class_list":["post-249","page","type-page","status-publish","hentry"],"_links":{"self":[{"href":"https:\/\/boldassigorta.com.tr\/index.php?rest_route=\/wp\/v2\/pages\/249","targetHints":{"allow":["GET"]}}],"collection":[{"href":"https:\/\/boldassigorta.com.tr\/index.php?rest_route=\/wp\/v2\/pages"}],"about":[{"href":"https:\/\/boldassigorta.com.tr\/index.php?rest_route=\/wp\/v2\/types\/page"}],"author":[{"embeddable":true,"href":"https:\/\/boldassigorta.com.tr\/index.php?rest_route=\/wp\/v2\/users\/1"}],"replies":[{"embeddable":true,"href":"https:\/\/boldassigorta.com.tr\/index.php?rest_route=%2Fwp%2Fv2%2Fcomments&post=249"}],"version-history":[{"count":13,"href":"https:\/\/boldassigorta.com.tr\/index.php?rest_route=\/wp\/v2\/pages\/249\/revisions"}],"predecessor-version":[{"id":420,"href":"https:\/\/boldassigorta.com.tr\/index.php?rest_route=\/wp\/v2\/pages\/249\/revisions\/420"}],"wp:attachment":[{"href":"https:\/\/boldassigorta.com.tr\/index.php?rest_route=%2Fwp%2Fv2%2Fmedia&parent=249"}],"curies":[{"name":"wp","href":"https:\/\/api.w.org\/{rel}","templated":true}]}}